{"id":3,"date":"2024-02-07T19:14:12","date_gmt":"2024-02-07T19:14:12","guid":{"rendered":"http:\/\/2024.pekkaheija.fi\/?page_id=3"},"modified":"2026-02-16T12:44:36","modified_gmt":"2026-02-16T12:44:36","slug":"privacy-policy","status":"publish","type":"page","link":"http:\/\/www.pekkaheija.fi\/?page_id=3","title":{"rendered":"Toimintaymp\u00e4rist\u00f6j\u00e4"},"content":{"rendered":"\n<h3 class=\"wp-block-heading\">Mainframe &#8211; ajan ty\u00f6skentely-ymp\u00e4rist\u00f6j\u00e4<\/h3>\n\n\n\n<p>CICS, DL\/1, COBOL, PL\/1, S\/370 Assembler, IBM S\/370, IBM 4331, IBM 3270-p\u00e4\u00e4tteet, OS\/VS, DOS\/VSE.<br><\/p>\n\n\n\n<h3 class=\"wp-block-heading\">Kun PC:t tulivat toimistoihin &#8211; kauden ty\u00f6skentely-ymp\u00e4rist\u00f6j\u00e4<\/h3>\n\n\n\n<p>MS DOS 2.1, MS DOS 3.0, MS DOS 3.3, MS DOS 4.0, MS DOS 5.0, LOTUS 1-2-3 &#8211; &#8220;jolla voi tehd\u00e4 kaikki&#8221;, Multiplan-taulukkolaskenta, DisplayWrite-tekstink\u00e4sittely, IBM PC Cobol 1.0, MS PC Cobol 2.0, Micro Focus Professional Cobol, Micro Focus Cobol Workbench 2.0, Micro Focus Cobol Workbench 2.2, Micro Focus Cobol Workbench 2.3, Micro Focus Cobol Workbench 2.4, Micro Focus Cobol Workbench 2.5, Micro Focus Cobol Workbench 3.0, IBM PC XT (8086, 640k, 10Mb), IBM PC AT (80286, 1Mb, 20Mb), PC-kloonit (80286, 640k, 20-40Mb), erilaiset 386-koneet, Novell Netware 286, Novell Netware 3.11 &#8211; l\u00e4hiverkot.<br><\/p>\n\n\n\n<h3 class=\"wp-block-heading\">Kun PC:t liitettiin l\u00e4hiverkkoihin &#8211; kauden ty\u00f6skentely-ymp\u00e4rist\u00f6j\u00e4<\/h3>\n\n\n\n<p>Micro Focus Cobol, Novell Netware 3.11, Windows NT 3.51, Windows NT 4.00, SQL Server 6.5, Windows 95, Windows for Workgroups, MS Office-tuotteet, MS Visual Basic, MS Internet Information Server, MS Back Office Small Business Server.<br><\/p>\n\n\n\n<h3 class=\"wp-block-heading\">Ty\u00f6asema-palvelin &#8211; ajan ty\u00f6skentely-ymp\u00e4rist\u00f6j\u00e4<\/h3>\n\n\n\n<p>Windows 2000, Windows Xp, Windows Vista, Windows 7, Windows 2000 Server, Windows 2003 Server(s), Windows 2008 Server(s), Microsoft Vb-Script, IIS\/asp-script, SQL Server (2000-2008), SQL-kieli, Linux, PHP, MySQL, Microsoft Dynamics Navision C\/Side &amp; .net<\/p>\n\n\n\n<h3 class=\"wp-block-heading\">Nykyisi\u00e4 ty\u00f6skentely-ymp\u00e4rist\u00f6j\u00e4<\/h3>\n\n\n\n<p>SQL-Server, SQL-skriptit, vanhojen asiakassovellusten yll\u00e4pito, <a href=\"https:\/\/www.kalakortti.com\/mob_luvan_tilaus\/\">www.kalakortti.com<\/a> &#8211; sovellusymp\u00e4rist\u00f6n hallinta ja yll\u00e4pito, NMEA2000, raspberry-pi<\/p>\n\n\n\n<h3 class=\"wp-block-heading\">Tulevia ymp\u00e4rist\u00f6j\u00e4<\/h3>\n\n\n\n<p>P\u00e4ij\u00e4nne<\/p>\n","protected":false},"excerpt":{"rendered":"<p>Mainframe &#8211; ajan ty\u00f6skentely-ymp\u00e4rist\u00f6j\u00e4 CICS, DL\/1, COBOL, PL\/1, S\/370 Assembler, IBM S\/370, IBM 4331, IBM 3270-p\u00e4\u00e4tteet, OS\/VS, DOS\/VSE. Kun PC:t tulivat toimistoihin &#8211; kauden ty\u00f6skentely-ymp\u00e4rist\u00f6j\u00e4 MS DOS 2.1, MS DOS 3.0, MS DOS 3.3, MS DOS 4.0, MS DOS 5.0, LOTUS 1-2-3 &#8211; &#8220;jolla voi tehd\u00e4 kaikki&#8221;, Multiplan-taulukkolaskenta, DisplayWrite-tekstink\u00e4sittely, IBM PC Cobol 1.0, MS PC [&hellip;]<\/p>\n","protected":false},"author":1,"featured_media":0,"parent":0,"menu_order":0,"comment_status":"closed","ping_status":"open","template":"","meta":{"footnotes":""},"class_list":["post-3","page","type-page","status-publish","hentry"],"_links":{"self":[{"href":"http:\/\/www.pekkaheija.fi\/index.php?rest_route=\/wp\/v2\/pages\/3","targetHints":{"allow":["GET"]}}],"collection":[{"href":"http:\/\/www.pekkaheija.fi\/index.php?rest_route=\/wp\/v2\/pages"}],"about":[{"href":"http:\/\/www.pekkaheija.fi\/index.php?rest_route=\/wp\/v2\/types\/page"}],"author":[{"embeddable":true,"href":"http:\/\/www.pekkaheija.fi\/index.php?rest_route=\/wp\/v2\/users\/1"}],"replies":[{"embeddable":true,"href":"http:\/\/www.pekkaheija.fi\/index.php?rest_route=%2Fwp%2Fv2%2Fcomments&post=3"}],"version-history":[{"count":10,"href":"http:\/\/www.pekkaheija.fi\/index.php?rest_route=\/wp\/v2\/pages\/3\/revisions"}],"predecessor-version":[{"id":53,"href":"http:\/\/www.pekkaheija.fi\/index.php?rest_route=\/wp\/v2\/pages\/3\/revisions\/53"}],"wp:attachment":[{"href":"http:\/\/www.pekkaheija.fi\/index.php?rest_route=%2Fwp%2Fv2%2Fmedia&parent=3"}],"curies":[{"name":"wp","href":"https:\/\/api.w.org\/{rel}","templated":true}]}}