{"id":26,"date":"2026-02-16T10:28:35","date_gmt":"2026-02-16T10:28:35","guid":{"rendered":"http:\/\/2024.pekkaheija.fi\/?page_id=26"},"modified":"2026-02-16T12:42:47","modified_gmt":"2026-02-16T12:42:47","slug":"9-yhteystiedot","status":"publish","type":"page","link":"http:\/\/www.pekkaheija.fi\/","title":{"rendered":"Yhteystiedot"},"content":{"rendered":"\n<p>Pekka Heija<br>0400443326 \/ pekka.heija@pekkaheija.com<\/p>\n\n\n\n<p><strong>Postiosoite (k\u00e4ynti sovittava tarvittaessa erikseen):<\/strong><br>Niittypolku 17, 02460 Kantvik<\/p>\n\n\n\n<p><strong>Verkkolaskut:<\/strong><br>Pekka Heija Oy, 1049694-3<br>Verkkolaskuosoite: 003710496943<br>Operaattori: Apix Messaging Oy (003723327487)<br><\/p>\n\n\n\n<p><strong>Yhteisty\u00f6kumppanimme alla hoitaa seuraavat ty\u00f6t<\/strong>: PK-yritysten it- ja verkkoasennukset, palomuurit, O365-ratkaisut, WithSecure-tuotteet, tietojen siirrot laitteiden tai verkkojen uusinnoissa, tekninen tuki paikan p\u00e4\u00e4ll\u00e4 tai puhelimessa ja tarvittaessa toimistojen it-tarvekartoitukset.<\/p>\n\n\n\n<p><a href=\"https:\/\/sakariheija.com\/\"><strong>IT-Tuki Sakari Heija Oy<\/strong><\/a><br>Sakari Heija: 0401658853 \/ sakari.heija@@pekkaheija.com<\/p>\n\n\n\n<p><\/p>\n\n\n\n<p><\/p>\n","protected":false},"excerpt":{"rendered":"<p>Pekka Heija0400443326 \/ pekka.heija@pekkaheija.com Postiosoite (k\u00e4ynti sovittava tarvittaessa erikseen):Niittypolku 17, 02460 Kantvik Verkkolaskut:Pekka Heija Oy, 1049694-3Verkkolaskuosoite: 003710496943Operaattori: Apix Messaging Oy (003723327487) Yhteisty\u00f6kumppanimme alla hoitaa seuraavat ty\u00f6t: PK-yritysten it- ja verkkoasennukset, palomuurit, O365-ratkaisut, WithSecure-tuotteet, tietojen siirrot laitteiden tai verkkojen uusinnoissa, tekninen tuki paikan p\u00e4\u00e4ll\u00e4 tai puhelimessa ja tarvittaessa toimistojen it-tarvekartoitukset. IT-Tuki Sakari Heija OySakari Heija: 0401658853 [&hellip;]<\/p>\n","protected":false},"author":1,"featured_media":0,"parent":0,"menu_order":0,"comment_status":"closed","ping_status":"closed","template":"","meta":{"footnotes":""},"class_list":["post-26","page","type-page","status-publish","hentry"],"_links":{"self":[{"href":"http:\/\/www.pekkaheija.fi\/index.php?rest_route=\/wp\/v2\/pages\/26","targetHints":{"allow":["GET"]}}],"collection":[{"href":"http:\/\/www.pekkaheija.fi\/index.php?rest_route=\/wp\/v2\/pages"}],"about":[{"href":"http:\/\/www.pekkaheija.fi\/index.php?rest_route=\/wp\/v2\/types\/page"}],"author":[{"embeddable":true,"href":"http:\/\/www.pekkaheija.fi\/index.php?rest_route=\/wp\/v2\/users\/1"}],"replies":[{"embeddable":true,"href":"http:\/\/www.pekkaheija.fi\/index.php?rest_route=%2Fwp%2Fv2%2Fcomments&post=26"}],"version-history":[{"count":6,"href":"http:\/\/www.pekkaheija.fi\/index.php?rest_route=\/wp\/v2\/pages\/26\/revisions"}],"predecessor-version":[{"id":50,"href":"http:\/\/www.pekkaheija.fi\/index.php?rest_route=\/wp\/v2\/pages\/26\/revisions\/50"}],"wp:attachment":[{"href":"http:\/\/www.pekkaheija.fi\/index.php?rest_route=%2Fwp%2Fv2%2Fmedia&parent=26"}],"curies":[{"name":"wp","href":"https:\/\/api.w.org\/{rel}","templated":true}]}}