{"id":2,"date":"2024-02-07T19:14:12","date_gmt":"2024-02-07T19:14:12","guid":{"rendered":"http:\/\/2024.pekkaheija.fi\/?page_id=2"},"modified":"2026-02-16T12:43:06","modified_gmt":"2026-02-16T12:43:06","slug":"sample-page","status":"publish","type":"page","link":"http:\/\/www.pekkaheija.fi\/?page_id=2","title":{"rendered":"Ennen ja nyt"},"content":{"rendered":"\n<h2 class=\"wp-block-heading\">Mit\u00e4 teimme ennen<\/h2>\n\n\n\n<figure class=\"wp-block-table\"><table class=\"has-fixed-layout\"><tbody><tr><td colspan=\"2\">Toimiala ja ty\u00f6t ennen:<br><br>&#8211; tietokanta- ja sovellussuunnittelu sek\u00e4 ohjelmointi<br>&#8211; web-palveluiden toteuttaminen asiakasprojekteissa<br>&#8211; web-hosting itse tehdyille asiakassovelluksille (Windows &amp; Linux)<br>&#8211; web-hosting my\u00f6s ulkopuolisille palvelimille kohtuulliseen kuukausihintaan (Windows &amp; Linux)<br>&#8211; palvelin- ja ty\u00f6asema-asennukset sek\u00e4 muut verkkoasennuksiin liittyv\u00e4t ty\u00f6t<br>&#8211; kaikki asiakas\/projektikohtaiset ohjelmointity\u00f6t liittyen tuntemiimme ymp\u00e4rist\u00f6ihin ja ty\u00f6kaluihin<br><br>&#8211; My\u00f6s vanhojen Cobol-sovellusten yll\u00e4pito ja ohjelmointi sujui meilt\u00e4 parinkymmenen vuoden kokemuksella (<a href=\"http:\/\/www.pekkaheija.fi\/?option=com_content&amp;view=article&amp;id=14&amp;Itemid=18\">Historiaa<\/a>)<br>&#8211; lis\u00e4ksi teimme konsultointia ja selvitysty\u00f6t\u00e4 tarpeen mukaan sellaisista aiheista joista katsoimme tiet\u00e4v\u00e4mme riitt\u00e4v\u00e4sti<\/td><\/tr><\/tbody><\/table><\/figure>\n\n\n\n<h2 class=\"wp-block-heading\">Mit\u00e4 teemme nyt<\/h2>\n\n\n\n<figure class=\"wp-block-table\"><table class=\"has-fixed-layout\"><tbody><tr><td colspan=\"2\">Toimiala ja ty\u00f6t nyt:<br><br>&#8211; tietokanta- ja sovellussuunnittelu sek\u00e4 ohjelmointi tutuilla ty\u00f6kaluilla<br>&#8211; web- ja muiden sovellusten toteuttaminen tuttujen asiakkaiden asiakasprojekteissa<br>&#8211; web-hosting omien ja nykyisten asiakkaiden sovelluksille (Windows &amp; Linux)<br>&#8211; palvelin- ja ty\u00f6asema-asennukset sek\u00e4 muut verkkoasennuksiin liittyv\u00e4t ty\u00f6t hoitaa yhteisty\u00f6kumppanimme: <a href=\"https:\/\/sakariheija.com\/\">IT-Tuki Sakari Heija Oy<\/a><br>&#8211; meit\u00e4 kiinnostavat asiakas\/projektikohtaiset ohjelmointity\u00f6t liittyen tuntemiimme ymp\u00e4rist\u00f6ihin ja ty\u00f6kaluihin<br><br>&#8211; konsultointi ja selvitysty\u00f6 sellaisista aiheista joista katsomme tiet\u00e4v\u00e4mme riitt\u00e4v\u00e4sti<\/td><\/tr><\/tbody><\/table><\/figure>\n\n\n\n<h2 class=\"wp-block-heading\">Mit\u00e4 teemme tulevaisuudessa<\/h2>\n\n\n\n<figure class=\"wp-block-table\"><table class=\"has-fixed-layout\"><tbody><tr><td colspan=\"2\">Toimiala ja ty\u00f6t tulevaisuudessa:<br><br>&#8211; web- ja muiden sovellusten yll\u00e4pito tuttujen asiakkaiden asiakasprojekteissa<br>&#8211; web-hosting omien ja nykyisten asiakkaiden sovelluksille (Windows &amp; Linux)<br>&#8211; konsultointi ja selvitysty\u00f6 sellaisista aiheista joista katsomme tiet\u00e4v\u00e4mme riitt\u00e4v\u00e4sti<br>&#8211; vapaa-aika<\/td><\/tr><\/tbody><\/table><\/figure>\n","protected":false},"excerpt":{"rendered":"<p>Mit\u00e4 teimme ennen Toimiala ja ty\u00f6t ennen: &#8211; tietokanta- ja sovellussuunnittelu sek\u00e4 ohjelmointi&#8211; web-palveluiden toteuttaminen asiakasprojekteissa&#8211; web-hosting itse tehdyille asiakassovelluksille (Windows &amp; Linux)&#8211; web-hosting my\u00f6s ulkopuolisille palvelimille kohtuulliseen kuukausihintaan (Windows &amp; Linux)&#8211; palvelin- ja ty\u00f6asema-asennukset sek\u00e4 muut verkkoasennuksiin liittyv\u00e4t ty\u00f6t&#8211; kaikki asiakas\/projektikohtaiset ohjelmointity\u00f6t liittyen tuntemiimme ymp\u00e4rist\u00f6ihin ja ty\u00f6kaluihin &#8211; My\u00f6s vanhojen Cobol-sovellusten yll\u00e4pito ja ohjelmointi [&hellip;]<\/p>\n","protected":false},"author":1,"featured_media":0,"parent":0,"menu_order":0,"comment_status":"closed","ping_status":"open","template":"","meta":{"footnotes":""},"class_list":["post-2","page","type-page","status-publish","hentry"],"_links":{"self":[{"href":"http:\/\/www.pekkaheija.fi\/index.php?rest_route=\/wp\/v2\/pages\/2","targetHints":{"allow":["GET"]}}],"collection":[{"href":"http:\/\/www.pekkaheija.fi\/index.php?rest_route=\/wp\/v2\/pages"}],"about":[{"href":"http:\/\/www.pekkaheija.fi\/index.php?rest_route=\/wp\/v2\/types\/page"}],"author":[{"embeddable":true,"href":"http:\/\/www.pekkaheija.fi\/index.php?rest_route=\/wp\/v2\/users\/1"}],"replies":[{"embeddable":true,"href":"http:\/\/www.pekkaheija.fi\/index.php?rest_route=%2Fwp%2Fv2%2Fcomments&post=2"}],"version-history":[{"count":15,"href":"http:\/\/www.pekkaheija.fi\/index.php?rest_route=\/wp\/v2\/pages\/2\/revisions"}],"predecessor-version":[{"id":51,"href":"http:\/\/www.pekkaheija.fi\/index.php?rest_route=\/wp\/v2\/pages\/2\/revisions\/51"}],"wp:attachment":[{"href":"http:\/\/www.pekkaheija.fi\/index.php?rest_route=%2Fwp%2Fv2%2Fmedia&parent=2"}],"curies":[{"name":"wp","href":"https:\/\/api.w.org\/{rel}","templated":true}]}}